{"id":1286,"date":"2026-01-25T18:42:01","date_gmt":"2026-01-25T18:42:01","guid":{"rendered":"https:\/\/www.solange-brand.com\/wp-clean\/?page_id=1286"},"modified":"2026-02-02T12:14:48","modified_gmt":"2026-02-02T12:14:48","slug":"books","status":"publish","type":"page","link":"https:\/\/www.solange-brand.com\/wp-clean\/en\/books\/","title":{"rendered":"BookS"},"content":{"rendered":"\n<figure class=\"wp-block-image aligncenter size-full\"><img fetchpriority=\"high\" decoding=\"async\" width=\"1024\" height=\"458\" src=\"https:\/\/www.solange-brand.com\/wp-clean\/wp-content\/uploads\/2026\/01\/IMG_1284-1.jpg\" alt=\"img 1284 1\" class=\"wp-image-1190\" title=\"BookS\" srcset=\"https:\/\/www.solange-brand.com\/wp-clean\/wp-content\/uploads\/2026\/01\/IMG_1284-1.jpg 1024w, https:\/\/www.solange-brand.com\/wp-clean\/wp-content\/uploads\/2026\/01\/IMG_1284-1-300x134.jpg 300w, https:\/\/www.solange-brand.com\/wp-clean\/wp-content\/uploads\/2026\/01\/IMG_1284-1-768x344.jpg 768w\" sizes=\"(max-width: 1024px) 100vw, 1024px\" \/><\/figure>\n\n\n\n<p><strong>\u2022&nbsp;<em>P\u00e9kin 1966, petites histoires de la R\u00e9volution culturelle<\/em><br><\/strong>Editions de l\u2019Oeil \u00e9lectrique, Paris, 2005<br>Special Mention, Nadar Prize 2005, awarded to the best photography book of the year.<br>Glass window and book signing in the same year at the bookstore La Hune in Paris<\/p>\n\n\n\n<p>Presentation of the book by Fran\u00e7ois Cheval, curator, former director of the Mus\u00e9e Niepce in Ch\u00e2lon-sur-Sa\u00f4ne, &nbsp;co-director of the Lianzhou Photo Museum, China.<br>From the film \u00ab DJBook \u00bb made for the Photo Festival Images Singuli\u00e8res, S\u00e8te, 2018.<\/p>\n\n\n\n<figure class=\"wp-block-embed is-type-video is-provider-vimeo wp-block-embed-vimeo wp-embed-aspect-16-9 wp-has-aspect-ratio\"><div class=\"wp-block-embed__wrapper\">\n<iframe title=\"Francois Cheval pr\u00e9sente l&#039;ouvrage Pekin 1966\" src=\"https:\/\/player.vimeo.com\/video\/280747070?dnt=1&amp;app_id=122963\" width=\"500\" height=\"281\" frameborder=\"0\" allow=\"autoplay; fullscreen; picture-in-picture; clipboard-write; encrypted-media; web-share\" referrerpolicy=\"strict-origin-when-cross-origin\"><\/iframe>\n<\/div><\/figure>\n\n\n\n<p><\/p>\n\n\n\n<p>The book is available on the following website :<br><a href=\"http:\/\/www.la-chambre-claire.fr\/\" target=\"_blank\" rel=\"noreferrer noopener\">http:\/\/www.la-chambre-claire.fr<\/a><br><\/p>\n\n\n\n<figure class=\"wp-block-image aligncenter size-full\"><img decoding=\"async\" width=\"640\" height=\"480\" src=\"https:\/\/www.solange-brand.com\/wp-clean\/wp-content\/uploads\/2026\/01\/photo-japon.jpg\" alt=\"sn3m0398\" class=\"wp-image-1191\" title=\"BookS\" srcset=\"https:\/\/www.solange-brand.com\/wp-clean\/wp-content\/uploads\/2026\/01\/photo-japon.jpg 640w, https:\/\/www.solange-brand.com\/wp-clean\/wp-content\/uploads\/2026\/01\/photo-japon-300x225.jpg 300w\" sizes=\"(max-width: 640px) 100vw, 640px\" \/><\/figure>\n\n\n\n<p><strong>\u2022&nbsp;Japanese edition of&nbsp;<em>P\u00e9kin 1966, petites histoires de la R\u00e9volution culturelle<br><\/em><\/strong>with an additionnal text by Kazuyoshi Shimozawa and Masaaki Tsuchiya,<br>Bense\u00ef Publishing, Tokyo,&nbsp; 2012 (<a href=\"http:\/\/www.bensey.co.jp\/\">bensey.co.jp<\/a>)<\/p>\n\n\n\n<figure class=\"wp-block-image aligncenter size-full\"><img decoding=\"async\" width=\"1024\" height=\"768\" src=\"https:\/\/www.solange-brand.com\/wp-clean\/wp-content\/uploads\/2026\/01\/IMG_1282.jpg\" alt=\"img 1282\" class=\"wp-image-1192\" title=\"BookS\" srcset=\"https:\/\/www.solange-brand.com\/wp-clean\/wp-content\/uploads\/2026\/01\/IMG_1282.jpg 1024w, https:\/\/www.solange-brand.com\/wp-clean\/wp-content\/uploads\/2026\/01\/IMG_1282-300x225.jpg 300w, https:\/\/www.solange-brand.com\/wp-clean\/wp-content\/uploads\/2026\/01\/IMG_1282-768x576.jpg 768w\" sizes=\"(max-width: 1024px) 100vw, 1024px\" \/><\/figure>\n\n\n\n<p><strong>\u2022 \u4e2d\u56fd\u8bb0\u5fc6\uff0c1966\uff1a\u4e00\u4f4d\u6cd5\u56fd\u6444\u5f71\u5e08\u955c\u5934\u4e0b\u7684\u5f69\u8272\u4e2d\u56fd,&nbsp;<\/strong><br><em><strong>China Memory 1966<\/strong><\/em>&nbsp;,&nbsp;Shanxi People\u2019s Publishing House<br>Chinese edition with 98 photographs, Beijing 2015<br>Texts by Chen Xiaobo and Yan Lang<\/p>\n\n\n\n<p>The book appeared in the 50 best books list at the Beijing Book Fair in 2015<br>and, on the same month,&nbsp;reached number 4 on the Sina Books\u2019 Top 10.<\/p>\n","protected":false},"excerpt":{"rendered":"<p>\u2022&nbsp;P\u00e9kin 1966, petites histoires de la R\u00e9volution culturelleEditions de l\u2019Oeil \u00e9lectrique, Paris, 2005Special Mention, Nadar Prize 2005, awarded to the best photography book of the year.Glass window and book signing in the same year at the bookstore La Hune in Paris Presentation of the book by Fran\u00e7ois Cheval, curator, former director of the Mus\u00e9e Niepce [&hellip;]<\/p>\n","protected":false},"author":1,"featured_media":0,"parent":0,"menu_order":0,"comment_status":"closed","ping_status":"closed","template":"","meta":{"site-sidebar-layout":"default","site-content-layout":"","ast-site-content-layout":"default","site-content-style":"default","site-sidebar-style":"default","ast-global-header-display":"","ast-banner-title-visibility":"","ast-main-header-display":"","ast-hfb-above-header-display":"","ast-hfb-below-header-display":"","ast-hfb-mobile-header-display":"","site-post-title":"disabled","ast-breadcrumbs-content":"","ast-featured-img":"","footer-sml-layout":"","ast-disable-related-posts":"","theme-transparent-header-meta":"","adv-header-id-meta":"","stick-header-meta":"","header-above-stick-meta":"","header-main-stick-meta":"","header-below-stick-meta":"","astra-migrate-meta-layouts":"set","ast-page-background-enabled":"default","ast-page-background-meta":{"desktop":{"background-color":"","background-image":"","background-repeat":"repeat","background-position":"center center","background-size":"auto","background-attachment":"scroll","background-type":"","background-media":"","overlay-type":"","overlay-color":"","overlay-opacity":"","overlay-gradient":""},"tablet":{"background-color":"","background-image":"","background-repeat":"repeat","background-position":"center center","background-size":"auto","background-attachment":"scroll","background-type":"","background-media":"","overlay-type":"","overlay-color":"","overlay-opacity":"","overlay-gradient":""},"mobile":{"background-color":"","background-image":"","background-repeat":"repeat","background-position":"center center","background-size":"auto","background-attachment":"scroll","background-type":"","background-media":"","overlay-type":"","overlay-color":"","overlay-opacity":"","overlay-gradient":""}},"ast-content-background-meta":{"desktop":{"background-color":"var(--ast-global-color-5)","background-image":"","background-repeat":"repeat","background-position":"center center","background-size":"auto","background-attachment":"scroll","background-type":"","background-media":"","overlay-type":"","overlay-color":"","overlay-opacity":"","overlay-gradient":""},"tablet":{"background-color":"var(--ast-global-color-5)","background-image":"","background-repeat":"repeat","background-position":"center center","background-size":"auto","background-attachment":"scroll","background-type":"","background-media":"","overlay-type":"","overlay-color":"","overlay-opacity":"","overlay-gradient":""},"mobile":{"background-color":"var(--ast-global-color-5)","background-image":"","background-repeat":"repeat","background-position":"center center","background-size":"auto","background-attachment":"scroll","background-type":"","background-media":"","overlay-type":"","overlay-color":"","overlay-opacity":"","overlay-gradient":""}},"footnotes":""},"class_list":["post-1286","page","type-page","status-publish","hentry"],"_links":{"self":[{"href":"https:\/\/www.solange-brand.com\/wp-clean\/wp-json\/wp\/v2\/pages\/1286","targetHints":{"allow":["GET"]}}],"collection":[{"href":"https:\/\/www.solange-brand.com\/wp-clean\/wp-json\/wp\/v2\/pages"}],"about":[{"href":"https:\/\/www.solange-brand.com\/wp-clean\/wp-json\/wp\/v2\/types\/page"}],"author":[{"embeddable":true,"href":"https:\/\/www.solange-brand.com\/wp-clean\/wp-json\/wp\/v2\/users\/1"}],"replies":[{"embeddable":true,"href":"https:\/\/www.solange-brand.com\/wp-clean\/wp-json\/wp\/v2\/comments?post=1286"}],"version-history":[{"count":2,"href":"https:\/\/www.solange-brand.com\/wp-clean\/wp-json\/wp\/v2\/pages\/1286\/revisions"}],"predecessor-version":[{"id":1341,"href":"https:\/\/www.solange-brand.com\/wp-clean\/wp-json\/wp\/v2\/pages\/1286\/revisions\/1341"}],"wp:attachment":[{"href":"https:\/\/www.solange-brand.com\/wp-clean\/wp-json\/wp\/v2\/media?parent=1286"}],"curies":[{"name":"wp","href":"https:\/\/api.w.org\/{rel}","templated":true}]}}