{"id":1240,"date":"2026-01-25T17:53:25","date_gmt":"2026-01-25T17:53:25","guid":{"rendered":"https:\/\/www.solange-brand.com\/wp-clean\/?page_id=1240"},"modified":"2026-01-25T17:56:02","modified_gmt":"2026-01-25T17:56:02","slug":"contact","status":"publish","type":"page","link":"https:\/\/www.solange-brand.com\/wp-clean\/contact\/","title":{"rendered":"Contact"},"content":{"rendered":"\n<p class=\"has-text-align-center\">L\u2019exposition d\u2019origine \u00ab P\u00e9kin 1966, petites histoires de la r\u00e9volution culturelle \u00bb<br>est g\u00e9r\u00e9e par l\u2019Association Le Fil Rouge et est disponible sur demande.<br>Elle est constitu\u00e9e de 29 photographies en tirage num\u00e9rique sur papier velin d\u2019arche<br>contrecoll\u00e9es sur aluminium l\u00e9ger, sans verre (formats 110\u00d773 cm et 73X50 cm)<br>et de deux images sur toile grand format.<\/p>\n\n\n\n<p class=\"has-text-align-center\">Merci de bien vouloir me contacter si vous d\u00e9sirez utiliser des images<br>pr\u00e9sentes sur ce site ou pour toute information compl\u00e9mentaire.<\/p>\n\n\n<div class=\"wpforms-container wpforms-block wpforms-block-aeed8da9-c513-49ce-85f1-47416ecea18c\" id=\"wpforms-40\"><form id=\"wpforms-form-40\" class=\"wpforms-validate wpforms-form\" data-formid=\"40\" method=\"post\" enctype=\"multipart\/form-data\" action=\"\/wp-clean\/wp-json\/wp\/v2\/pages\/1240\" data-token=\"40490c45e763cdd208e41810481f043b\" data-token-time=\"1777988653\"><noscript class=\"wpforms-error-noscript\">Veuillez activer JavaScript dans votre navigateur pour remplir ce formulaire.<\/noscript><div class=\"wpforms-field-container\"><div id=\"wpforms-40-field_0-container\" class=\"wpforms-field wpforms-field-name\" data-field-id=\"0\"><label class=\"wpforms-field-label\" for=\"wpforms-40-field_0\">Votre nom \/ Name <span class=\"wpforms-required-label\">*<\/span><\/label><input type=\"text\" id=\"wpforms-40-field_0\" class=\"wpforms-field-medium wpforms-field-required\" name=\"wpforms[fields][0]\" required><\/div>\t\t<div id=\"wpforms-40-field_3-container\"\n\t\t\tclass=\"wpforms-field wpforms-field-text\"\n\t\t\tdata-field-type=\"text\"\n\t\t\tdata-field-id=\"3\"\n\t\t\t>\n\t\t\t<label class=\"wpforms-field-label\" for=\"wpforms-40-field_3\" >nom Message \/<\/label>\n\t\t\t<input type=\"text\" id=\"wpforms-40-field_3\" class=\"wpforms-field-medium\" name=\"wpforms[fields][3]\" >\n\t\t<\/div>\n\t\t<div id=\"wpforms-40-field_1-container\" class=\"wpforms-field wpforms-field-email\" data-field-id=\"1\"><label class=\"wpforms-field-label\" for=\"wpforms-40-field_1\">Email <span class=\"wpforms-required-label\">*<\/span><\/label><input type=\"email\" id=\"wpforms-40-field_1\" class=\"wpforms-field-medium wpforms-field-required\" name=\"wpforms[fields][1]\" spellcheck=\"false\" required><\/div><div id=\"wpforms-40-field_2-container\" class=\"wpforms-field wpforms-field-textarea\" data-field-id=\"2\"><label class=\"wpforms-field-label\" for=\"wpforms-40-field_2\">Message <span class=\"wpforms-required-label\">*<\/span><\/label><textarea id=\"wpforms-40-field_2\" class=\"wpforms-field-large wpforms-field-required\" name=\"wpforms[fields][2]\" required><\/textarea><\/div><script>\n\t\t\t\t( function() {\n\t\t\t\t\tconst style = document.createElement( 'style' );\n\t\t\t\t\tstyle.appendChild( document.createTextNode( '#wpforms-40-field_3-container { position: absolute !important; overflow: hidden !important; display: inline !important; height: 1px !important; width: 1px !important; z-index: -1000 !important; padding: 0 !important; } #wpforms-40-field_3-container input { visibility: hidden; } #wpforms-conversational-form-page #wpforms-40-field_3-container label { counter-increment: none; }' ) );\n\t\t\t\t\tdocument.head.appendChild( style );\n\t\t\t\t\tdocument.currentScript?.remove();\n\t\t\t\t} )();\n\t\t\t<\/script><\/div><!-- .wpforms-field-container --><div class=\"wpforms-recaptcha-container wpforms-is-recaptcha wpforms-is-recaptcha-type-v3\" ><input type=\"hidden\" name=\"wpforms[recaptcha]\" value=\"\"><\/div><div class=\"wpforms-submit-container\" ><input type=\"hidden\" name=\"wpforms[id]\" value=\"40\"><input type=\"hidden\" name=\"page_title\" value=\"\"><input type=\"hidden\" name=\"page_url\" value=\"https:\/\/www.solange-brand.com\/wp-clean\/wp-json\/wp\/v2\/pages\/1240\"><input type=\"hidden\" name=\"url_referer\" value=\"\"><button type=\"submit\" name=\"wpforms[submit]\" id=\"wpforms-submit-40\" class=\"wpforms-submit\" data-alt-text=\"En cours d&#039;envoi\u2026 \/ Sending...\" data-submit-text=\"ENVOYEZ \/ SEND\" aria-live=\"assertive\" value=\"wpforms-submit\">ENVOYEZ \/ SEND<\/button><\/div><\/form><\/div>  <!-- .wpforms-container -->","protected":false},"excerpt":{"rendered":"<p>L\u2019exposition d\u2019origine \u00ab P\u00e9kin 1966, petites histoires de la r\u00e9volution culturelle \u00bbest g\u00e9r\u00e9e par l\u2019Association Le Fil Rouge et est disponible sur demande.Elle est constitu\u00e9e de 29 photographies en tirage num\u00e9rique sur papier velin d\u2019archecontrecoll\u00e9es sur aluminium l\u00e9ger, sans verre (formats 110\u00d773 cm et 73X50 cm)et de deux images sur toile grand format. Merci de [&hellip;]<\/p>\n","protected":false},"author":1,"featured_media":0,"parent":0,"menu_order":0,"comment_status":"closed","ping_status":"closed","template":"","meta":{"site-sidebar-layout":"default","site-content-layout":"","ast-site-content-layout":"default","site-content-style":"default","site-sidebar-style":"default","ast-global-header-display":"","ast-banner-title-visibility":"","ast-main-header-display":"","ast-hfb-above-header-display":"","ast-hfb-below-header-display":"","ast-hfb-mobile-header-display":"","site-post-title":"disabled","ast-breadcrumbs-content":"","ast-featured-img":"","footer-sml-layout":"","ast-disable-related-posts":"","theme-transparent-header-meta":"","adv-header-id-meta":"","stick-header-meta":"","header-above-stick-meta":"","header-main-stick-meta":"","header-below-stick-meta":"","astra-migrate-meta-layouts":"set","ast-page-background-enabled":"default","ast-page-background-meta":{"desktop":{"background-color":"","background-image":"","background-repeat":"repeat","background-position":"center center","background-size":"auto","background-attachment":"scroll","background-type":"","background-media":"","overlay-type":"","overlay-color":"","overlay-opacity":"","overlay-gradient":""},"tablet":{"background-color":"","background-image":"","background-repeat":"repeat","background-position":"center center","background-size":"auto","background-attachment":"scroll","background-type":"","background-media":"","overlay-type":"","overlay-color":"","overlay-opacity":"","overlay-gradient":""},"mobile":{"background-color":"","background-image":"","background-repeat":"repeat","background-position":"center center","background-size":"auto","background-attachment":"scroll","background-type":"","background-media":"","overlay-type":"","overlay-color":"","overlay-opacity":"","overlay-gradient":""}},"ast-content-background-meta":{"desktop":{"background-color":"var(--ast-global-color-5)","background-image":"","background-repeat":"repeat","background-position":"center center","background-size":"auto","background-attachment":"scroll","background-type":"","background-media":"","overlay-type":"","overlay-color":"","overlay-opacity":"","overlay-gradient":""},"tablet":{"background-color":"var(--ast-global-color-5)","background-image":"","background-repeat":"repeat","background-position":"center center","background-size":"auto","background-attachment":"scroll","background-type":"","background-media":"","overlay-type":"","overlay-color":"","overlay-opacity":"","overlay-gradient":""},"mobile":{"background-color":"var(--ast-global-color-5)","background-image":"","background-repeat":"repeat","background-position":"center center","background-size":"auto","background-attachment":"scroll","background-type":"","background-media":"","overlay-type":"","overlay-color":"","overlay-opacity":"","overlay-gradient":""}},"footnotes":""},"class_list":["post-1240","page","type-page","status-publish","hentry"],"_links":{"self":[{"href":"https:\/\/www.solange-brand.com\/wp-clean\/wp-json\/wp\/v2\/pages\/1240","targetHints":{"allow":["GET"]}}],"collection":[{"href":"https:\/\/www.solange-brand.com\/wp-clean\/wp-json\/wp\/v2\/pages"}],"about":[{"href":"https:\/\/www.solange-brand.com\/wp-clean\/wp-json\/wp\/v2\/types\/page"}],"author":[{"embeddable":true,"href":"https:\/\/www.solange-brand.com\/wp-clean\/wp-json\/wp\/v2\/users\/1"}],"replies":[{"embeddable":true,"href":"https:\/\/www.solange-brand.com\/wp-clean\/wp-json\/wp\/v2\/comments?post=1240"}],"version-history":[{"count":1,"href":"https:\/\/www.solange-brand.com\/wp-clean\/wp-json\/wp\/v2\/pages\/1240\/revisions"}],"predecessor-version":[{"id":1241,"href":"https:\/\/www.solange-brand.com\/wp-clean\/wp-json\/wp\/v2\/pages\/1240\/revisions\/1241"}],"wp:attachment":[{"href":"https:\/\/www.solange-brand.com\/wp-clean\/wp-json\/wp\/v2\/media?parent=1240"}],"curies":[{"name":"wp","href":"https:\/\/api.w.org\/{rel}","templated":true}]}}