{"id":1236,"date":"2026-01-25T17:50:35","date_gmt":"2026-01-25T17:50:35","guid":{"rendered":"https:\/\/www.solange-brand.com\/wp-clean\/?page_id=1236"},"modified":"2026-02-01T16:29:04","modified_gmt":"2026-02-01T16:29:04","slug":"biographie","status":"publish","type":"page","link":"https:\/\/www.solange-brand.com\/wp-clean\/biographie\/","title":{"rendered":"Biographie"},"content":{"rendered":"\n<figure class=\"wp-block-image aligncenter size-full\"><img fetchpriority=\"high\" decoding=\"async\" width=\"850\" height=\"576\" src=\"https:\/\/www.solange-brand.com\/wp-clean\/wp-content\/uploads\/2026\/01\/photo-biographie.jpg\" alt=\"grande muraille, 1967\" class=\"wp-image-1206\" title=\"Biographie\" srcset=\"https:\/\/www.solange-brand.com\/wp-clean\/wp-content\/uploads\/2026\/01\/photo-biographie.jpg 850w, https:\/\/www.solange-brand.com\/wp-clean\/wp-content\/uploads\/2026\/01\/photo-biographie-300x203.jpg 300w, https:\/\/www.solange-brand.com\/wp-clean\/wp-content\/uploads\/2026\/01\/photo-biographie-768x520.jpg 768w\" sizes=\"(max-width: 850px) 100vw, 850px\" \/><figcaption class=\"wp-element-caption\">Grande muraille, 1967<\/figcaption><\/figure>\n\n\n\n<p>En 1965, Solange Brand est recrut\u00e9e pour un poste de secr\u00e9taire \u00e0 l\u2019Ambassade de France \u00e0 P\u00e9kin par l\u2019interm\u00e9diaire du lyc\u00e9e parisien o\u00f9 elle termine ses \u00e9tudes. Les deux pays ont \u00e9tabli des relations diplomatiques l\u2019ann\u00e9e pr\u00e9c\u00e9dente.<\/p>\n\n\n\n<p>Au cours des trois ann\u00e9es qu\u2019elle passe en Chine, elle r\u00e9alise ses premi\u00e8res photographies (appareil Pentax, diapositives couleur Agfa en provenance de Hong Kong) et assiste aux d\u00e9buts de la R\u00e9volution culturelle. Ce s\u00e9jour se r\u00e9v\u00e9lera autant fondateur que formateur.<\/p>\n\n\n\n<p>Elle quitte P\u00e9kin en d\u00e9cembre 1968 et rentre en France en effectuant un voyage \u00e0 travers l\u2019Asie qui, outre un \u00ab d\u00e9tour \u00bb par la Nouvelle-Cal\u00e9donie, lui fait d\u00e9couvrir le Cambodge, la Tha\u00eflande, Singapour, l\u2019Inde, le N\u00e9pal, l\u2019Afghanistan et l\u2019Iran. La guerre ravagera certains de ces pays.<\/p>\n\n\n\n<p>A son retour \u00e0 Paris en 1969, elle entre au service Etranger du journal le Monde comme secr\u00e9taire avant d\u2019int\u00e9grer, en 1971, la r\u00e9daction du quotidien en qualit\u00e9 de secr\u00e9taire de r\u00e9daction.<\/p>\n\n\n\n<p>En 1980, elle rejoint le mensuel Le Monde diplomatique o\u00f9, jusqu\u2019en 2004, elle exerce les fonctions de directrice artistique et initie un visuel associant les textes \u00e0 des \u0153uvres classiques ou contemporaines d\u2019artistes peintres et de photographes. Ce regard novateur a fait l\u2019objet de diverses publications et de travaux universitaires.<\/p>\n\n\n\n<p>Au d\u00e9but des ann\u00e9es 2000, Solange Brand ressent la n\u00e9cessit\u00e9 de scanner ses diapositives \u2013 rest\u00e9es bien rang\u00e9es pr\u00e8s de 40 ans \u2013 afin de les pr\u00e9server, consciente du document qu\u2019elles repr\u00e9sentent sur un temps disparu. Elle constitue un fonds de plusieurs centaines de photos et num\u00e9rise \u00e9galement des archives sonores.<\/p>\n\n\n\n<p>Un slideshow est pr\u00e9sent\u00e9 en 2002 au Festival de Pingyao, suivi en 2005 de la publication de <em>P\u00e9kin 1966, petites histoires de la R\u00e9volution culturelle<\/em> \u00e9dit\u00e9 par Kate Fletcher et les Editions de l\u2019Oeil Electrique. Ce sera l\u2019origine d\u2019un projet en permanente \u00e9volution par ses implications et les rencontres qu\u2019il suscite aussi bien en France qu\u2019\u00e0 l\u2019\u00e9tranger. Projet qui r\u00e9pond \u00e0 un profond d\u00e9sir de transmission et participe \u00e0 la restitution aux Chinois de cette part de leur histoire.<\/p>\n\n\n\n<p>Ce site pr\u00e9sente une partie de ses images.<\/p>\n","protected":false},"excerpt":{"rendered":"<p>En 1965, Solange Brand est recrut\u00e9e pour un poste de secr\u00e9taire \u00e0 l\u2019Ambassade de France \u00e0 P\u00e9kin par l\u2019interm\u00e9diaire du lyc\u00e9e parisien o\u00f9 elle termine ses \u00e9tudes. Les deux pays ont \u00e9tabli des relations diplomatiques l\u2019ann\u00e9e pr\u00e9c\u00e9dente. Au cours des trois ann\u00e9es qu\u2019elle passe en Chine, elle r\u00e9alise ses premi\u00e8res photographies (appareil Pentax, diapositives couleur [&hellip;]<\/p>\n","protected":false},"author":1,"featured_media":0,"parent":0,"menu_order":0,"comment_status":"closed","ping_status":"closed","template":"","meta":{"site-sidebar-layout":"default","site-content-layout":"","ast-site-content-layout":"default","site-content-style":"default","site-sidebar-style":"default","ast-global-header-display":"","ast-banner-title-visibility":"","ast-main-header-display":"","ast-hfb-above-header-display":"","ast-hfb-below-header-display":"","ast-hfb-mobile-header-display":"","site-post-title":"disabled","ast-breadcrumbs-content":"","ast-featured-img":"","footer-sml-layout":"","ast-disable-related-posts":"","theme-transparent-header-meta":"","adv-header-id-meta":"","stick-header-meta":"","header-above-stick-meta":"","header-main-stick-meta":"","header-below-stick-meta":"","astra-migrate-meta-layouts":"set","ast-page-background-enabled":"default","ast-page-background-meta":{"desktop":{"background-color":"","background-image":"","background-repeat":"repeat","background-position":"center center","background-size":"auto","background-attachment":"scroll","background-type":"","background-media":"","overlay-type":"","overlay-color":"","overlay-opacity":"","overlay-gradient":""},"tablet":{"background-color":"","background-image":"","background-repeat":"repeat","background-position":"center center","background-size":"auto","background-attachment":"scroll","background-type":"","background-media":"","overlay-type":"","overlay-color":"","overlay-opacity":"","overlay-gradient":""},"mobile":{"background-color":"","background-image":"","background-repeat":"repeat","background-position":"center center","background-size":"auto","background-attachment":"scroll","background-type":"","background-media":"","overlay-type":"","overlay-color":"","overlay-opacity":"","overlay-gradient":""}},"ast-content-background-meta":{"desktop":{"background-color":"var(--ast-global-color-5)","background-image":"","background-repeat":"repeat","background-position":"center center","background-size":"auto","background-attachment":"scroll","background-type":"","background-media":"","overlay-type":"","overlay-color":"","overlay-opacity":"","overlay-gradient":""},"tablet":{"background-color":"var(--ast-global-color-5)","background-image":"","background-repeat":"repeat","background-position":"center center","background-size":"auto","background-attachment":"scroll","background-type":"","background-media":"","overlay-type":"","overlay-color":"","overlay-opacity":"","overlay-gradient":""},"mobile":{"background-color":"var(--ast-global-color-5)","background-image":"","background-repeat":"repeat","background-position":"center center","background-size":"auto","background-attachment":"scroll","background-type":"","background-media":"","overlay-type":"","overlay-color":"","overlay-opacity":"","overlay-gradient":""}},"footnotes":""},"class_list":["post-1236","page","type-page","status-publish","hentry"],"_links":{"self":[{"href":"https:\/\/www.solange-brand.com\/wp-clean\/wp-json\/wp\/v2\/pages\/1236","targetHints":{"allow":["GET"]}}],"collection":[{"href":"https:\/\/www.solange-brand.com\/wp-clean\/wp-json\/wp\/v2\/pages"}],"about":[{"href":"https:\/\/www.solange-brand.com\/wp-clean\/wp-json\/wp\/v2\/types\/page"}],"author":[{"embeddable":true,"href":"https:\/\/www.solange-brand.com\/wp-clean\/wp-json\/wp\/v2\/users\/1"}],"replies":[{"embeddable":true,"href":"https:\/\/www.solange-brand.com\/wp-clean\/wp-json\/wp\/v2\/comments?post=1236"}],"version-history":[{"count":2,"href":"https:\/\/www.solange-brand.com\/wp-clean\/wp-json\/wp\/v2\/pages\/1236\/revisions"}],"predecessor-version":[{"id":1333,"href":"https:\/\/www.solange-brand.com\/wp-clean\/wp-json\/wp\/v2\/pages\/1236\/revisions\/1333"}],"wp:attachment":[{"href":"https:\/\/www.solange-brand.com\/wp-clean\/wp-json\/wp\/v2\/media?parent=1236"}],"curies":[{"name":"wp","href":"https:\/\/api.w.org\/{rel}","templated":true}]}}