{"id":1226,"date":"2026-01-25T17:42:00","date_gmt":"2026-01-25T17:42:00","guid":{"rendered":"https:\/\/www.solange-brand.com\/wp-clean\/?page_id=1226"},"modified":"2026-02-18T16:48:37","modified_gmt":"2026-02-18T16:48:37","slug":"histoire","status":"publish","type":"page","link":"https:\/\/www.solange-brand.com\/wp-clean\/histoire\/","title":{"rendered":"Histoire"},"content":{"rendered":"\n<h2><img fetchpriority=\"high\" decoding=\"async\" class=\"alignright wp-image-18\" src=\"https:\/\/www.solange-brand.com\/wp-clean\/wp-content\/uploads\/2026\/01\/solange-brand-1966-revolution-culturelle-19-1-681x1024.jpg\" alt=\"Garde rouge posant pour une photo au parc Beihai, Beijing, 1966 \/ Red guard posing for a photo at Beihai park\" width=\"500\" height=\"752\" title=\"Histoire\" srcset=\"https:\/\/www.solange-brand.com\/wp-clean\/wp-content\/uploads\/2026\/01\/solange-brand-1966-revolution-culturelle-19-1-681x1024.jpg 681w, https:\/\/www.solange-brand.com\/wp-clean\/wp-content\/uploads\/2026\/01\/solange-brand-1966-revolution-culturelle-19-1-200x300.jpg 200w, https:\/\/www.solange-brand.com\/wp-clean\/wp-content\/uploads\/2026\/01\/solange-brand-1966-revolution-culturelle-19-1-768x1155.jpg 768w, https:\/\/www.solange-brand.com\/wp-clean\/wp-content\/uploads\/2026\/01\/solange-brand-1966-revolution-culturelle-19-1.jpg 850w\" sizes=\"(max-width: 500px) 100vw, 500px\" \/>La R\u00e9volution culturelle<\/h2>\nEn novembre 1965, Solange Brand rejoint l\u2019Ambassade de France \u00e0 P\u00e9kin pour occuper un poste de secr\u00e9taire. Elle n\u2019a pas vingt ans.<BR><BR>\n\nLa Chine est alors coup\u00e9e du monde et tr\u00e8s peu de visiteurs \u00e9trangers \u2013 encore moins d\u2019Occidentaux \u2013 y ont acc\u00e8s.<BR><BR>\n\nPassionn\u00e9e par le monde qu\u2019elle d\u00e9couvre et la rue chinoise o\u00f9 elle aime d\u00e9ambuler, elle acquiert un Pentax \u00e0 Hong Kong et photographie ce qu\u2019elle voit pour tenter de retenir des moments v\u00e9cus \u00e0 titre personnel \u2013 sans intention et sans savoir que le mouvement de fond qui s\u2019annonce s\u2019inscrira comme un \u00e9pisode majeur de l\u2019histoire chinoise.<BR><BR>\n\nLa R\u00e9volution culturelle \u00e9clate au printemps 1966. Solange Brand voit la folie s\u2019emparer petit \u00e0 petit des rues ; les jeunes de la campagne d\u00e9couvrent\/envahissent la ville ; plus tard, lyc\u00e9ens et \u00e9tudiants seront envoy\u00e9s \u00e0 la campagne. Au d\u00e9but, joie, ferveur de la jeunesse, d\u00e9placements \u00e0 travers le pays, espoir\u2026 puis le chaos \u2013 affrontements, lynchages, pers\u00e9cutions, humiliations, ex\u00e9cutions. On estime \u00e0 plusieurs dizaines de millions les victimes de la R\u00e9volution culturelle.<BR><BR>\n\nN\u00e9e de la conjonction du projet de Mao de reprendre le pouvoir et de la crise sociale issue du Grand bond en avant, cette p\u00e9riode de l\u2019Histoire \u2013 \u00ab les dix ann\u00e9es noires \u00bb (1966-1976) \u2013 n\u2019a toujours pas trouv\u00e9 sa place dans le discours officiel et est souvent refoul\u00e9e par les victimes elles-m\u00eames. M\u00e9moire douloureuse, difficile transmission\u2026<BR><BR>\n\nLes photos de Solange Brand ne rendent pas compte de la face sombre et des horreurs de la R\u00e9volution culturelle. \u00ab Je n\u2019en ai pas \u00e9t\u00e9 t\u00e9moin direct, dit-elle, cette r\u00e9alit\u00e9 ne s\u2019est d\u00e9voil\u00e9e que plus tard, \u00e0 mon retour en France. Comme toutes les photos, elles ne montrent qu\u2019un fragment de r\u00e9alit\u00e9 et ne prennent sens que l\u00e9gend\u00e9es et remises dans un contexte. \u00bb<BR><BR>\n\nRegard personnel qui ne pr\u00e9tend pas \u00eatre un reportage sur la R\u00e9volution culturelle, ces photographies constituent un document pr\u00e9cieux : en dehors de la propagande officielle, rares sont les images en couleur \u00e9voquant cette \u00e9poque.<BR><BR>\n\nEn 2022, la Biblioth\u00e8que nationale de France fait l\u2019acquisition de neuf photos pour figurer dans les collections publiques.<BR><BR>\n\nEn 2025, Solange Brand entame la donation de son fonds photographique \u00e0 la M\u00e9diath\u00e8que du Patrimoine et de la Photographie (MPP) d\u00e9pendant du Minist\u00e8re de la Culture, ce qui lui assure sa p\u00e9rennit\u00e9.<BR><BR>\n","protected":false},"excerpt":{"rendered":"<p>La R\u00e9volution culturelle En novembre 1965, Solange Brand rejoint l\u2019Ambassade de France \u00e0 P\u00e9kin pour occuper un poste de secr\u00e9taire. Elle n\u2019a pas vingt ans. La Chine est alors coup\u00e9e du monde et tr\u00e8s peu de visiteurs \u00e9trangers \u2013 encore moins d\u2019Occidentaux \u2013 y ont acc\u00e8s. Passionn\u00e9e par le monde qu\u2019elle d\u00e9couvre et la rue [&hellip;]<\/p>\n","protected":false},"author":1,"featured_media":0,"parent":0,"menu_order":0,"comment_status":"closed","ping_status":"closed","template":"","meta":{"site-sidebar-layout":"default","site-content-layout":"","ast-site-content-layout":"default","site-content-style":"default","site-sidebar-style":"default","ast-global-header-display":"","ast-banner-title-visibility":"","ast-main-header-display":"","ast-hfb-above-header-display":"","ast-hfb-below-header-display":"","ast-hfb-mobile-header-display":"","site-post-title":"disabled","ast-breadcrumbs-content":"","ast-featured-img":"","footer-sml-layout":"","ast-disable-related-posts":"","theme-transparent-header-meta":"","adv-header-id-meta":"","stick-header-meta":"","header-above-stick-meta":"","header-main-stick-meta":"","header-below-stick-meta":"","astra-migrate-meta-layouts":"set","ast-page-background-enabled":"default","ast-page-background-meta":{"desktop":{"background-color":"","background-image":"","background-repeat":"repeat","background-position":"center center","background-size":"auto","background-attachment":"scroll","background-type":"","background-media":"","overlay-type":"","overlay-color":"","overlay-opacity":"","overlay-gradient":""},"tablet":{"background-color":"","background-image":"","background-repeat":"repeat","background-position":"center center","background-size":"auto","background-attachment":"scroll","background-type":"","background-media":"","overlay-type":"","overlay-color":"","overlay-opacity":"","overlay-gradient":""},"mobile":{"background-color":"","background-image":"","background-repeat":"repeat","background-position":"center center","background-size":"auto","background-attachment":"scroll","background-type":"","background-media":"","overlay-type":"","overlay-color":"","overlay-opacity":"","overlay-gradient":""}},"ast-content-background-meta":{"desktop":{"background-color":"var(--ast-global-color-5)","background-image":"","background-repeat":"repeat","background-position":"center center","background-size":"auto","background-attachment":"scroll","background-type":"","background-media":"","overlay-type":"","overlay-color":"","overlay-opacity":"","overlay-gradient":""},"tablet":{"background-color":"var(--ast-global-color-5)","background-image":"","background-repeat":"repeat","background-position":"center center","background-size":"auto","background-attachment":"scroll","background-type":"","background-media":"","overlay-type":"","overlay-color":"","overlay-opacity":"","overlay-gradient":""},"mobile":{"background-color":"var(--ast-global-color-5)","background-image":"","background-repeat":"repeat","background-position":"center center","background-size":"auto","background-attachment":"scroll","background-type":"","background-media":"","overlay-type":"","overlay-color":"","overlay-opacity":"","overlay-gradient":""}},"footnotes":""},"class_list":["post-1226","page","type-page","status-publish","hentry"],"_links":{"self":[{"href":"https:\/\/www.solange-brand.com\/wp-clean\/wp-json\/wp\/v2\/pages\/1226","targetHints":{"allow":["GET"]}}],"collection":[{"href":"https:\/\/www.solange-brand.com\/wp-clean\/wp-json\/wp\/v2\/pages"}],"about":[{"href":"https:\/\/www.solange-brand.com\/wp-clean\/wp-json\/wp\/v2\/types\/page"}],"author":[{"embeddable":true,"href":"https:\/\/www.solange-brand.com\/wp-clean\/wp-json\/wp\/v2\/users\/1"}],"replies":[{"embeddable":true,"href":"https:\/\/www.solange-brand.com\/wp-clean\/wp-json\/wp\/v2\/comments?post=1226"}],"version-history":[{"count":13,"href":"https:\/\/www.solange-brand.com\/wp-clean\/wp-json\/wp\/v2\/pages\/1226\/revisions"}],"predecessor-version":[{"id":1414,"href":"https:\/\/www.solange-brand.com\/wp-clean\/wp-json\/wp\/v2\/pages\/1226\/revisions\/1414"}],"wp:attachment":[{"href":"https:\/\/www.solange-brand.com\/wp-clean\/wp-json\/wp\/v2\/media?parent=1226"}],"curies":[{"name":"wp","href":"https:\/\/api.w.org\/{rel}","templated":true}]}}