{"id":1054,"date":"2026-01-23T12:24:53","date_gmt":"2026-01-23T12:24:53","guid":{"rendered":"https:\/\/www.solange-brand.com\/wp-clean\/?page_id=1054"},"modified":"2026-01-26T08:29:01","modified_gmt":"2026-01-26T08:29:01","slug":"accueil","status":"publish","type":"page","link":"https:\/\/www.solange-brand.com\/wp-clean\/","title":{"rendered":"Accueil"},"content":{"rendered":"\t\t<div data-elementor-type=\"wp-page\" data-elementor-id=\"1054\" class=\"elementor elementor-1054\" data-elementor-post-type=\"page\">\n\t\t\t\t<div class=\"elementor-element elementor-element-8149b10 e-flex e-con-boxed e-con e-parent\" data-id=\"8149b10\" data-element_type=\"container\">\n\t\t\t\t\t<div class=\"e-con-inner\">\n\t\t\t\t<div class=\"elementor-element elementor-element-8e80a43 elementor-widget elementor-widget-spacer\" data-id=\"8e80a43\" data-element_type=\"widget\" data-widget_type=\"spacer.default\">\n\t\t\t\t<div class=\"elementor-widget-container\">\n\t\t\t\t\t\t\t<div class=\"elementor-spacer\">\n\t\t\t<div class=\"elementor-spacer-inner\"><\/div>\n\t\t<\/div>\n\t\t\t\t\t\t<\/div>\n\t\t\t\t<\/div>\n\t\t\t\t\t<\/div>\n\t\t\t\t<\/div>\n\t\t<div class=\"elementor-element elementor-element-264cb21 e-flex e-con-boxed e-con e-parent\" data-id=\"264cb21\" data-element_type=\"container\">\n\t\t\t\t\t<div class=\"e-con-inner\">\n\t\t\t\t<div class=\"elementor-element elementor-element-7e14eb1 elementor-widget elementor-widget-heading\" data-id=\"7e14eb1\" data-element_type=\"widget\" data-widget_type=\"heading.default\">\n\t\t\t\t<div class=\"elementor-widget-container\">\n\t\t\t\t\t<h3 class=\"elementor-heading-title elementor-size-default\">Une jeune Fran\u00e7aise, \u00e0 peine vingt ans, avec son appareil photo. <br>\nCe qu\u2019elle a vu \u00e0 P\u00e9kin et dans les villes qu\u2019elle a pu visiter a bien exist\u00e9. <br>Elle a vu ce qu\u2019elle a vu, sans tout savoir, sans tout comprendre. <br>Pas de peur\u2026 mais des regards \u00e9chang\u00e9s, comme une innocence r\u00e9ciproque.<\/h3>\t\t\t\t<\/div>\n\t\t\t\t<\/div>\n\t\t\t\t\t<\/div>\n\t\t\t\t<\/div>\n\t\t<div class=\"elementor-element elementor-element-d9733aa e-flex e-con-boxed e-con e-parent\" data-id=\"d9733aa\" data-element_type=\"container\">\n\t\t\t\t\t<div class=\"e-con-inner\">\n\t\t\t\t<div class=\"elementor-element elementor-element-588b16c elementor-widget elementor-widget-spacer\" data-id=\"588b16c\" data-element_type=\"widget\" data-widget_type=\"spacer.default\">\n\t\t\t\t<div class=\"elementor-widget-container\">\n\t\t\t\t\t\t\t<div class=\"elementor-spacer\">\n\t\t\t<div class=\"elementor-spacer-inner\"><\/div>\n\t\t<\/div>\n\t\t\t\t\t\t<\/div>\n\t\t\t\t<\/div>\n\t\t\t\t\t<\/div>\n\t\t\t\t<\/div>\n\t\t<div class=\"elementor-element elementor-element-1df727f e-flex e-con-boxed e-con e-parent\" data-id=\"1df727f\" data-element_type=\"container\">\n\t\t\t\t\t<div class=\"e-con-inner\">\n\t\t\t\t<div class=\"elementor-element elementor-element-356c41b elementor-widget elementor-widget-image\" data-id=\"356c41b\" data-element_type=\"widget\" data-widget_type=\"image.default\">\n\t\t\t\t<div class=\"elementor-widget-container\">\n\t\t\t\t\t\t\t\t\t\t\t\t<figure class=\"wp-caption\">\n\t\t\t\t\t\t\t\t\t\t<img fetchpriority=\"high\" decoding=\"async\" width=\"850\" height=\"561\" src=\"https:\/\/www.solange-brand.com\/wp-clean\/wp-content\/uploads\/2026\/01\/photo-accueil.jpg\" class=\"attachment-large size-large wp-image-1053\" alt=\"photo accueil\" srcset=\"https:\/\/www.solange-brand.com\/wp-clean\/wp-content\/uploads\/2026\/01\/photo-accueil.jpg 850w, https:\/\/www.solange-brand.com\/wp-clean\/wp-content\/uploads\/2026\/01\/photo-accueil-300x198.jpg 300w, https:\/\/www.solange-brand.com\/wp-clean\/wp-content\/uploads\/2026\/01\/photo-accueil-768x507.jpg 768w\" sizes=\"(max-width: 850px) 100vw, 850px\" title=\"Accueil\">\t\t\t\t\t\t\t\t\t\t\t<figcaption class=\"widget-image-caption wp-caption-text\">\u00a9 Solange Brand<\/figcaption>\n\t\t\t\t\t\t\t\t\t\t<\/figure>\n\t\t\t\t\t\t\t\t\t<\/div>\n\t\t\t\t<\/div>\n\t\t\t\t\t<\/div>\n\t\t\t\t<\/div>\n\t\t<div class=\"elementor-element elementor-element-66c71ce e-flex e-con-boxed e-con e-parent\" data-id=\"66c71ce\" data-element_type=\"container\">\n\t\t\t\t\t<div class=\"e-con-inner\">\n\t\t\t\t<div class=\"elementor-element elementor-element-ab168c1 elementor-widget elementor-widget-spacer\" data-id=\"ab168c1\" data-element_type=\"widget\" data-widget_type=\"spacer.default\">\n\t\t\t\t<div class=\"elementor-widget-container\">\n\t\t\t\t\t\t\t<div class=\"elementor-spacer\">\n\t\t\t<div class=\"elementor-spacer-inner\"><\/div>\n\t\t<\/div>\n\t\t\t\t\t\t<\/div>\n\t\t\t\t<\/div>\n\t\t\t\t\t<\/div>\n\t\t\t\t<\/div>\n\t\t\t\t<\/div>\n\t\t","protected":false},"excerpt":{"rendered":"<p>Une jeune Fran\u00e7aise, \u00e0 peine vingt ans, avec son appareil photo. Ce qu\u2019elle a vu \u00e0 P\u00e9kin et dans les villes qu\u2019elle a pu visiter a bien exist\u00e9. Elle a vu ce qu\u2019elle a vu, sans tout savoir, sans tout comprendre. Pas de peur\u2026 mais des regards \u00e9chang\u00e9s, comme une innocence r\u00e9ciproque. \u00a9 Solange Brand<\/p>\n","protected":false},"author":1,"featured_media":1053,"parent":0,"menu_order":0,"comment_status":"closed","ping_status":"closed","template":"","meta":{"site-sidebar-layout":"no-sidebar","site-content-layout":"page-builder","ast-site-content-layout":"full-width-container","site-content-style":"default","site-sidebar-style":"default","ast-global-header-display":"","ast-banner-title-visibility":"disabled","ast-main-header-display":"","ast-hfb-above-header-display":"","ast-hfb-below-header-display":"","ast-hfb-mobile-header-display":"","site-post-title":"disabled","ast-breadcrumbs-content":"","ast-featured-img":"disabled","footer-sml-layout":"","ast-disable-related-posts":"","theme-transparent-header-meta":"","adv-header-id-meta":"","stick-header-meta":"","header-above-stick-meta":"","header-main-stick-meta":"","header-below-stick-meta":"","astra-migrate-meta-layouts":"set","ast-page-background-enabled":"default","ast-page-background-meta":{"desktop":{"background-color":"","background-image":"","background-repeat":"repeat","background-position":"center center","background-size":"auto","background-attachment":"scroll","background-type":"","background-media":"","overlay-type":"","overlay-color":"","overlay-opacity":"","overlay-gradient":""},"tablet":{"background-color":"","background-image":"","background-repeat":"repeat","background-position":"center center","background-size":"auto","background-attachment":"scroll","background-type":"","background-media":"","overlay-type":"","overlay-color":"","overlay-opacity":"","overlay-gradient":""},"mobile":{"background-color":"","background-image":"","background-repeat":"repeat","background-position":"center center","background-size":"auto","background-attachment":"scroll","background-type":"","background-media":"","overlay-type":"","overlay-color":"","overlay-opacity":"","overlay-gradient":""}},"ast-content-background-meta":{"desktop":{"background-color":"var(--ast-global-color-5)","background-image":"","background-repeat":"repeat","background-position":"center center","background-size":"auto","background-attachment":"scroll","background-type":"","background-media":"","overlay-type":"","overlay-color":"","overlay-opacity":"","overlay-gradient":""},"tablet":{"background-color":"var(--ast-global-color-5)","background-image":"","background-repeat":"repeat","background-position":"center center","background-size":"auto","background-attachment":"scroll","background-type":"","background-media":"","overlay-type":"","overlay-color":"","overlay-opacity":"","overlay-gradient":""},"mobile":{"background-color":"var(--ast-global-color-5)","background-image":"","background-repeat":"repeat","background-position":"center center","background-size":"auto","background-attachment":"scroll","background-type":"","background-media":"","overlay-type":"","overlay-color":"","overlay-opacity":"","overlay-gradient":""}},"footnotes":""},"class_list":["post-1054","page","type-page","status-publish","has-post-thumbnail","hentry"],"_links":{"self":[{"href":"https:\/\/www.solange-brand.com\/wp-clean\/wp-json\/wp\/v2\/pages\/1054","targetHints":{"allow":["GET"]}}],"collection":[{"href":"https:\/\/www.solange-brand.com\/wp-clean\/wp-json\/wp\/v2\/pages"}],"about":[{"href":"https:\/\/www.solange-brand.com\/wp-clean\/wp-json\/wp\/v2\/types\/page"}],"author":[{"embeddable":true,"href":"https:\/\/www.solange-brand.com\/wp-clean\/wp-json\/wp\/v2\/users\/1"}],"replies":[{"embeddable":true,"href":"https:\/\/www.solange-brand.com\/wp-clean\/wp-json\/wp\/v2\/comments?post=1054"}],"version-history":[{"count":16,"href":"https:\/\/www.solange-brand.com\/wp-clean\/wp-json\/wp\/v2\/pages\/1054\/revisions"}],"predecessor-version":[{"id":1306,"href":"https:\/\/www.solange-brand.com\/wp-clean\/wp-json\/wp\/v2\/pages\/1054\/revisions\/1306"}],"wp:featuredmedia":[{"embeddable":true,"href":"https:\/\/www.solange-brand.com\/wp-clean\/wp-json\/wp\/v2\/media\/1053"}],"wp:attachment":[{"href":"https:\/\/www.solange-brand.com\/wp-clean\/wp-json\/wp\/v2\/media?parent=1054"}],"curies":[{"name":"wp","href":"https:\/\/api.w.org\/{rel}","templated":true}]}}